{"id":942,"date":"2017-10-23T07:30:20","date_gmt":"2017-10-23T07:30:20","guid":{"rendered":"http:\/\/www.ecolibri.it\/?page_id=942"},"modified":"2021-05-10T14:58:41","modified_gmt":"2021-05-10T14:58:41","slug":"sistemi-pilota","status":"publish","type":"page","link":"https:\/\/ecolibri.tmp01linuxsp.coriweb.it\/it\/sistemi-pilota\/","title":{"rendered":"Sistemi Pilota"},"content":{"rendered":"","protected":false},"excerpt":{"rendered":"","protected":false},"author":4,"featured_media":0,"parent":0,"menu_order":0,"comment_status":"closed","ping_status":"closed","template":"templates\/template-pilot-systems.php","meta":[],"yoast_head":"<!-- This site is optimized with the Yoast SEO plugin v16.7 - https:\/\/yoast.com\/wordpress\/plugins\/seo\/ -->\n<title>Sistemi Pilota | Ecolibr\u00ec<\/title>\n<meta name=\"description\" content=\"Scopri i nostri Sistemi Pilota nel mondo: nelle citt\u00e0 di Mbabane e Siteki (Africa), e in Moldavia a Chi\u015fin\u0103u.\" \/>\n<meta name=\"robots\" content=\"noindex, follow, max-snippet:-1, max-image-preview:large, max-video-preview:-1\" \/>\n<meta property=\"og:locale\" content=\"it_IT\" \/>\n<meta property=\"og:type\" content=\"article\" \/>\n<meta property=\"og:title\" content=\"Sistemi Pilota | Ecolibr\u00ec\" \/>\n<meta property=\"og:description\" content=\"Scopri i nostri Sistemi Pilota nel mondo: nelle citt\u00e0 di Mbabane e Siteki (Africa), e in Moldavia a Chi\u015fin\u0103u.\" \/>\n<meta property=\"og:url\" content=\"http:\/\/ecolibri.tmp01linuxsp.coriweb.it\/it\/sistemi-pilota\/\" \/>\n<meta property=\"og:site_name\" content=\"Ecolibr\u00ec\" \/>\n<meta property=\"article:modified_time\" content=\"2021-05-10T14:58:41+00:00\" \/>\n<meta name=\"twitter:card\" content=\"summary_large_image\" \/>\n<script type=\"application\/ld+json\" class=\"yoast-schema-graph\">{\"@context\":\"https:\/\/schema.org\",\"@graph\":[{\"@type\":\"WebSite\",\"@id\":\"http:\/\/ecolibri.tmp01linuxsp.coriweb.it\/#website\",\"url\":\"http:\/\/ecolibri.tmp01linuxsp.coriweb.it\/\",\"name\":\"Ecolibr\\u00ec\",\"description\":\"Power of Nature\",\"potentialAction\":[{\"@type\":\"SearchAction\",\"target\":{\"@type\":\"EntryPoint\",\"urlTemplate\":\"http:\/\/ecolibri.tmp01linuxsp.coriweb.it\/?s={search_term_string}\"},\"query-input\":\"required name=search_term_string\"}],\"inLanguage\":\"it-IT\"},{\"@type\":\"WebPage\",\"@id\":\"http:\/\/ecolibri.tmp01linuxsp.coriweb.it\/it\/sistemi-pilota\/#webpage\",\"url\":\"http:\/\/ecolibri.tmp01linuxsp.coriweb.it\/it\/sistemi-pilota\/\",\"name\":\"Sistemi Pilota | Ecolibr\\u00ec\",\"isPartOf\":{\"@id\":\"http:\/\/ecolibri.tmp01linuxsp.coriweb.it\/#website\"},\"datePublished\":\"2017-10-23T07:30:20+00:00\",\"dateModified\":\"2021-05-10T14:58:41+00:00\",\"description\":\"Scopri i nostri Sistemi Pilota nel mondo: nelle citt\\u00e0 di Mbabane e Siteki (Africa), e in Moldavia a Chi\\u015fin\\u0103u.\",\"breadcrumb\":{\"@id\":\"http:\/\/ecolibri.tmp01linuxsp.coriweb.it\/it\/sistemi-pilota\/#breadcrumb\"},\"inLanguage\":\"it-IT\",\"potentialAction\":[{\"@type\":\"ReadAction\",\"target\":[\"http:\/\/ecolibri.tmp01linuxsp.coriweb.it\/it\/sistemi-pilota\/\"]}]},{\"@type\":\"BreadcrumbList\",\"@id\":\"http:\/\/ecolibri.tmp01linuxsp.coriweb.it\/it\/sistemi-pilota\/#breadcrumb\",\"itemListElement\":[{\"@type\":\"ListItem\",\"position\":1,\"name\":\"Home\",\"item\":\"http:\/\/ecolibri.tmp01linuxsp.coriweb.it\/it\/\"},{\"@type\":\"ListItem\",\"position\":2,\"name\":\"Sistemi Pilota\"}]}]}<\/script>\n<!-- \/ Yoast SEO plugin. -->","yoast_head_json":{"title":"Sistemi Pilota | Ecolibr\u00ec","description":"Scopri i nostri Sistemi Pilota nel mondo: nelle citt\u00e0 di Mbabane e Siteki (Africa), e in Moldavia a Chi\u015fin\u0103u.","robots":{"index":"noindex","follow":"follow","max-snippet":"max-snippet:-1","max-image-preview":"max-image-preview:large","max-video-preview":"max-video-preview:-1"},"og_locale":"it_IT","og_type":"article","og_title":"Sistemi Pilota | Ecolibr\u00ec","og_description":"Scopri i nostri Sistemi Pilota nel mondo: nelle citt\u00e0 di Mbabane e Siteki (Africa), e in Moldavia a Chi\u015fin\u0103u.","og_url":"http:\/\/ecolibri.tmp01linuxsp.coriweb.it\/it\/sistemi-pilota\/","og_site_name":"Ecolibr\u00ec","article_modified_time":"2021-05-10T14:58:41+00:00","twitter_card":"summary_large_image","schema":{"@context":"https:\/\/schema.org","@graph":[{"@type":"WebSite","@id":"http:\/\/ecolibri.tmp01linuxsp.coriweb.it\/#website","url":"http:\/\/ecolibri.tmp01linuxsp.coriweb.it\/","name":"Ecolibr\u00ec","description":"Power of Nature","potentialAction":[{"@type":"SearchAction","target":{"@type":"EntryPoint","urlTemplate":"http:\/\/ecolibri.tmp01linuxsp.coriweb.it\/?s={search_term_string}"},"query-input":"required name=search_term_string"}],"inLanguage":"it-IT"},{"@type":"WebPage","@id":"http:\/\/ecolibri.tmp01linuxsp.coriweb.it\/it\/sistemi-pilota\/#webpage","url":"http:\/\/ecolibri.tmp01linuxsp.coriweb.it\/it\/sistemi-pilota\/","name":"Sistemi Pilota | Ecolibr\u00ec","isPartOf":{"@id":"http:\/\/ecolibri.tmp01linuxsp.coriweb.it\/#website"},"datePublished":"2017-10-23T07:30:20+00:00","dateModified":"2021-05-10T14:58:41+00:00","description":"Scopri i nostri Sistemi Pilota nel mondo: nelle citt\u00e0 di Mbabane e Siteki (Africa), e in Moldavia a Chi\u015fin\u0103u.","breadcrumb":{"@id":"http:\/\/ecolibri.tmp01linuxsp.coriweb.it\/it\/sistemi-pilota\/#breadcrumb"},"inLanguage":"it-IT","potentialAction":[{"@type":"ReadAction","target":["http:\/\/ecolibri.tmp01linuxsp.coriweb.it\/it\/sistemi-pilota\/"]}]},{"@type":"BreadcrumbList","@id":"http:\/\/ecolibri.tmp01linuxsp.coriweb.it\/it\/sistemi-pilota\/#breadcrumb","itemListElement":[{"@type":"ListItem","position":1,"name":"Home","item":"http:\/\/ecolibri.tmp01linuxsp.coriweb.it\/it\/"},{"@type":"ListItem","position":2,"name":"Sistemi Pilota"}]}]}},"_links":{"self":[{"href":"https:\/\/ecolibri.tmp01linuxsp.coriweb.it\/it\/wp-json\/wp\/v2\/pages\/942"}],"collection":[{"href":"https:\/\/ecolibri.tmp01linuxsp.coriweb.it\/it\/wp-json\/wp\/v2\/pages"}],"about":[{"href":"https:\/\/ecolibri.tmp01linuxsp.coriweb.it\/it\/wp-json\/wp\/v2\/types\/page"}],"author":[{"embeddable":true,"href":"https:\/\/ecolibri.tmp01linuxsp.coriweb.it\/it\/wp-json\/wp\/v2\/users\/4"}],"replies":[{"embeddable":true,"href":"https:\/\/ecolibri.tmp01linuxsp.coriweb.it\/it\/wp-json\/wp\/v2\/comments?post=942"}],"version-history":[{"count":5,"href":"https:\/\/ecolibri.tmp01linuxsp.coriweb.it\/it\/wp-json\/wp\/v2\/pages\/942\/revisions"}],"predecessor-version":[{"id":3057,"href":"https:\/\/ecolibri.tmp01linuxsp.coriweb.it\/it\/wp-json\/wp\/v2\/pages\/942\/revisions\/3057"}],"wp:attachment":[{"href":"https:\/\/ecolibri.tmp01linuxsp.coriweb.it\/it\/wp-json\/wp\/v2\/media?parent=942"}],"curies":[{"name":"wp","href":"https:\/\/api.w.org\/{rel}","templated":true}]}}