{"id":479,"date":"2017-03-16T12:06:29","date_gmt":"2017-03-16T12:06:29","guid":{"rendered":"http:\/\/www.ecolibri.it\/?page_id=479"},"modified":"2021-05-10T15:21:11","modified_gmt":"2021-05-10T15:21:11","slug":"blog","status":"publish","type":"page","link":"https:\/\/ecolibri.tmp01linuxsp.coriweb.it\/it\/blog\/","title":{"rendered":"Blog"},"content":{"rendered":"","protected":false},"excerpt":{"rendered":"","protected":false},"author":4,"featured_media":1830,"parent":0,"menu_order":0,"comment_status":"closed","ping_status":"closed","template":"templates\/template-blog.php","meta":[],"yoast_head":"<!-- This site is optimized with the Yoast SEO plugin v16.7 - https:\/\/yoast.com\/wordpress\/plugins\/seo\/ -->\n<title>Blog | Ecolibr\u00ec<\/title>\n<meta name=\"description\" content=\"Resta informato sul mondo della sostenibilit\u00e0 ambientale e delle fonti di energia pulita e rinnovabile. Scopri le news di Ecolibr\u00ec\" \/>\n<meta name=\"robots\" content=\"noindex, follow, max-snippet:-1, max-image-preview:large, max-video-preview:-1\" \/>\n<meta property=\"og:locale\" content=\"it_IT\" \/>\n<meta property=\"og:type\" content=\"article\" \/>\n<meta property=\"og:title\" content=\"Blog | Ecolibr\u00ec\" \/>\n<meta property=\"og:description\" content=\"Resta informato sul mondo della sostenibilit\u00e0 ambientale e delle fonti di energia pulita e rinnovabile. Scopri le news di Ecolibr\u00ec\" \/>\n<meta property=\"og:url\" content=\"https:\/\/ecolibri.tmp01linuxsp.coriweb.it\/it\/blog\/\" \/>\n<meta property=\"og:site_name\" content=\"Ecolibr\u00ec\" \/>\n<meta property=\"article:modified_time\" content=\"2021-05-10T15:21:11+00:00\" \/>\n<meta property=\"og:image\" content=\"http:\/\/ecolibri.tmp01linuxsp.coriweb.it\/wp-content\/uploads\/2021\/02\/blog_header_bg.jpg\" \/>\n\t<meta property=\"og:image:width\" content=\"1620\" \/>\n\t<meta property=\"og:image:height\" content=\"291\" \/>\n<meta name=\"twitter:card\" content=\"summary_large_image\" \/>\n<script type=\"application\/ld+json\" class=\"yoast-schema-graph\">{\"@context\":\"https:\/\/schema.org\",\"@graph\":[{\"@type\":\"WebSite\",\"@id\":\"http:\/\/ecolibri.tmp01linuxsp.coriweb.it\/#website\",\"url\":\"http:\/\/ecolibri.tmp01linuxsp.coriweb.it\/\",\"name\":\"Ecolibr\\u00ec\",\"description\":\"Power of Nature\",\"potentialAction\":[{\"@type\":\"SearchAction\",\"target\":{\"@type\":\"EntryPoint\",\"urlTemplate\":\"http:\/\/ecolibri.tmp01linuxsp.coriweb.it\/?s={search_term_string}\"},\"query-input\":\"required name=search_term_string\"}],\"inLanguage\":\"it-IT\"},{\"@type\":\"ImageObject\",\"@id\":\"https:\/\/ecolibri.tmp01linuxsp.coriweb.it\/it\/blog\/#primaryimage\",\"inLanguage\":\"it-IT\",\"url\":\"https:\/\/ecolibri.tmp01linuxsp.coriweb.it\/wp-content\/uploads\/2021\/02\/blog_header_bg.jpg\",\"contentUrl\":\"https:\/\/ecolibri.tmp01linuxsp.coriweb.it\/wp-content\/uploads\/2021\/02\/blog_header_bg.jpg\",\"width\":1620,\"height\":291},{\"@type\":\"WebPage\",\"@id\":\"https:\/\/ecolibri.tmp01linuxsp.coriweb.it\/it\/blog\/#webpage\",\"url\":\"https:\/\/ecolibri.tmp01linuxsp.coriweb.it\/it\/blog\/\",\"name\":\"Blog | Ecolibr\\u00ec\",\"isPartOf\":{\"@id\":\"http:\/\/ecolibri.tmp01linuxsp.coriweb.it\/#website\"},\"primaryImageOfPage\":{\"@id\":\"https:\/\/ecolibri.tmp01linuxsp.coriweb.it\/it\/blog\/#primaryimage\"},\"datePublished\":\"2017-03-16T12:06:29+00:00\",\"dateModified\":\"2021-05-10T15:21:11+00:00\",\"description\":\"Resta informato sul mondo della sostenibilit\\u00e0 ambientale e delle fonti di energia pulita e rinnovabile. Scopri le news di Ecolibr\\u00ec\",\"breadcrumb\":{\"@id\":\"https:\/\/ecolibri.tmp01linuxsp.coriweb.it\/it\/blog\/#breadcrumb\"},\"inLanguage\":\"it-IT\",\"potentialAction\":[{\"@type\":\"ReadAction\",\"target\":[\"https:\/\/ecolibri.tmp01linuxsp.coriweb.it\/it\/blog\/\"]}]},{\"@type\":\"BreadcrumbList\",\"@id\":\"https:\/\/ecolibri.tmp01linuxsp.coriweb.it\/it\/blog\/#breadcrumb\",\"itemListElement\":[{\"@type\":\"ListItem\",\"position\":1,\"name\":\"Home\",\"item\":\"http:\/\/ecolibri.tmp01linuxsp.coriweb.it\/it\/\"},{\"@type\":\"ListItem\",\"position\":2,\"name\":\"Blog\"}]}]}<\/script>\n<!-- \/ Yoast SEO plugin. -->","yoast_head_json":{"title":"Blog | Ecolibr\u00ec","description":"Resta informato sul mondo della sostenibilit\u00e0 ambientale e delle fonti di energia pulita e rinnovabile. Scopri le news di Ecolibr\u00ec","robots":{"index":"noindex","follow":"follow","max-snippet":"max-snippet:-1","max-image-preview":"max-image-preview:large","max-video-preview":"max-video-preview:-1"},"og_locale":"it_IT","og_type":"article","og_title":"Blog | Ecolibr\u00ec","og_description":"Resta informato sul mondo della sostenibilit\u00e0 ambientale e delle fonti di energia pulita e rinnovabile. Scopri le news di Ecolibr\u00ec","og_url":"https:\/\/ecolibri.tmp01linuxsp.coriweb.it\/it\/blog\/","og_site_name":"Ecolibr\u00ec","article_modified_time":"2021-05-10T15:21:11+00:00","og_image":[{"width":1620,"height":291,"url":"http:\/\/ecolibri.tmp01linuxsp.coriweb.it\/wp-content\/uploads\/2021\/02\/blog_header_bg.jpg","path":"\/app\/ecolibri\/wp-content\/uploads\/2021\/02\/blog_header_bg.jpg","size":"full","id":1830,"alt":"","pixels":471420,"type":"image\/jpeg"}],"twitter_card":"summary_large_image","schema":{"@context":"https:\/\/schema.org","@graph":[{"@type":"WebSite","@id":"http:\/\/ecolibri.tmp01linuxsp.coriweb.it\/#website","url":"http:\/\/ecolibri.tmp01linuxsp.coriweb.it\/","name":"Ecolibr\u00ec","description":"Power of Nature","potentialAction":[{"@type":"SearchAction","target":{"@type":"EntryPoint","urlTemplate":"http:\/\/ecolibri.tmp01linuxsp.coriweb.it\/?s={search_term_string}"},"query-input":"required name=search_term_string"}],"inLanguage":"it-IT"},{"@type":"ImageObject","@id":"https:\/\/ecolibri.tmp01linuxsp.coriweb.it\/it\/blog\/#primaryimage","inLanguage":"it-IT","url":"https:\/\/ecolibri.tmp01linuxsp.coriweb.it\/wp-content\/uploads\/2021\/02\/blog_header_bg.jpg","contentUrl":"https:\/\/ecolibri.tmp01linuxsp.coriweb.it\/wp-content\/uploads\/2021\/02\/blog_header_bg.jpg","width":1620,"height":291},{"@type":"WebPage","@id":"https:\/\/ecolibri.tmp01linuxsp.coriweb.it\/it\/blog\/#webpage","url":"https:\/\/ecolibri.tmp01linuxsp.coriweb.it\/it\/blog\/","name":"Blog | Ecolibr\u00ec","isPartOf":{"@id":"http:\/\/ecolibri.tmp01linuxsp.coriweb.it\/#website"},"primaryImageOfPage":{"@id":"https:\/\/ecolibri.tmp01linuxsp.coriweb.it\/it\/blog\/#primaryimage"},"datePublished":"2017-03-16T12:06:29+00:00","dateModified":"2021-05-10T15:21:11+00:00","description":"Resta informato sul mondo della sostenibilit\u00e0 ambientale e delle fonti di energia pulita e rinnovabile. Scopri le news di Ecolibr\u00ec","breadcrumb":{"@id":"https:\/\/ecolibri.tmp01linuxsp.coriweb.it\/it\/blog\/#breadcrumb"},"inLanguage":"it-IT","potentialAction":[{"@type":"ReadAction","target":["https:\/\/ecolibri.tmp01linuxsp.coriweb.it\/it\/blog\/"]}]},{"@type":"BreadcrumbList","@id":"https:\/\/ecolibri.tmp01linuxsp.coriweb.it\/it\/blog\/#breadcrumb","itemListElement":[{"@type":"ListItem","position":1,"name":"Home","item":"http:\/\/ecolibri.tmp01linuxsp.coriweb.it\/it\/"},{"@type":"ListItem","position":2,"name":"Blog"}]}]}},"_links":{"self":[{"href":"https:\/\/ecolibri.tmp01linuxsp.coriweb.it\/it\/wp-json\/wp\/v2\/pages\/479"}],"collection":[{"href":"https:\/\/ecolibri.tmp01linuxsp.coriweb.it\/it\/wp-json\/wp\/v2\/pages"}],"about":[{"href":"https:\/\/ecolibri.tmp01linuxsp.coriweb.it\/it\/wp-json\/wp\/v2\/types\/page"}],"author":[{"embeddable":true,"href":"https:\/\/ecolibri.tmp01linuxsp.coriweb.it\/it\/wp-json\/wp\/v2\/users\/4"}],"replies":[{"embeddable":true,"href":"https:\/\/ecolibri.tmp01linuxsp.coriweb.it\/it\/wp-json\/wp\/v2\/comments?post=479"}],"version-history":[{"count":2,"href":"https:\/\/ecolibri.tmp01linuxsp.coriweb.it\/it\/wp-json\/wp\/v2\/pages\/479\/revisions"}],"predecessor-version":[{"id":1833,"href":"https:\/\/ecolibri.tmp01linuxsp.coriweb.it\/it\/wp-json\/wp\/v2\/pages\/479\/revisions\/1833"}],"wp:featuredmedia":[{"embeddable":true,"href":"https:\/\/ecolibri.tmp01linuxsp.coriweb.it\/it\/wp-json\/wp\/v2\/media\/1830"}],"wp:attachment":[{"href":"https:\/\/ecolibri.tmp01linuxsp.coriweb.it\/it\/wp-json\/wp\/v2\/media?parent=479"}],"curies":[{"name":"wp","href":"https:\/\/api.w.org\/{rel}","templated":true}]}}