{"id":1241,"date":"2018-07-02T09:39:55","date_gmt":"2018-07-02T09:39:55","guid":{"rendered":"http:\/\/www.ecolibri.it\/?page_id=1241"},"modified":"2021-07-15T15:57:34","modified_gmt":"2021-07-15T15:57:34","slug":"boiler-acqua-calda-solare","status":"publish","type":"page","link":"https:\/\/ecolibri.tmp01linuxsp.coriweb.it\/it\/boiler-acqua-calda-solare\/","title":{"rendered":"Boiler Acqua Calda Solare"},"content":{"rendered":"","protected":false},"excerpt":{"rendered":"","protected":false},"author":4,"featured_media":2726,"parent":0,"menu_order":0,"comment_status":"closed","ping_status":"closed","template":"templates\/template-product-presentation.php","meta":[],"yoast_head":"<!-- This site is optimized with the Yoast SEO plugin v16.7 - https:\/\/yoast.com\/wordpress\/plugins\/seo\/ -->\n<title>Boiler acqua calda a energia solare | Ecolibr\u00ec<\/title>\n<meta name=\"description\" content=\"Il nostro Boiler ad energia solare, dalla capacit\u00e0 di 250 litri, offre acqua calda giorno e notte anche in condizioni climatiche sfavorevoli. Scopri di pi\u00f9.\" \/>\n<meta name=\"robots\" content=\"noindex, follow, max-snippet:-1, max-image-preview:large, max-video-preview:-1\" \/>\n<meta property=\"og:locale\" content=\"it_IT\" \/>\n<meta property=\"og:type\" content=\"article\" \/>\n<meta property=\"og:title\" content=\"Boiler acqua calda a energia solare | Ecolibr\u00ec\" \/>\n<meta property=\"og:description\" content=\"Il nostro Boiler ad energia solare, dalla capacit\u00e0 di 250 litri, offre acqua calda giorno e notte anche in condizioni climatiche sfavorevoli. Scopri di pi\u00f9.\" \/>\n<meta property=\"og:url\" content=\"http:\/\/ecolibri.tmp01linuxsp.coriweb.it\/it\/boiler-acqua-calda-solare\/\" \/>\n<meta property=\"og:site_name\" content=\"Ecolibr\u00ec\" \/>\n<meta property=\"article:modified_time\" content=\"2021-07-15T15:57:34+00:00\" \/>\n<meta property=\"og:image\" content=\"http:\/\/ecolibri.tmp01linuxsp.coriweb.it\/wp-content\/uploads\/2021\/03\/solar-water-heater.jpg\" \/>\n\t<meta property=\"og:image:width\" content=\"1620\" \/>\n\t<meta property=\"og:image:height\" content=\"852\" \/>\n<meta name=\"twitter:card\" content=\"summary_large_image\" \/>\n<script type=\"application\/ld+json\" class=\"yoast-schema-graph\">{\"@context\":\"https:\/\/schema.org\",\"@graph\":[{\"@type\":\"WebSite\",\"@id\":\"http:\/\/ecolibri.tmp01linuxsp.coriweb.it\/#website\",\"url\":\"http:\/\/ecolibri.tmp01linuxsp.coriweb.it\/\",\"name\":\"Ecolibr\\u00ec\",\"description\":\"Power of Nature\",\"potentialAction\":[{\"@type\":\"SearchAction\",\"target\":{\"@type\":\"EntryPoint\",\"urlTemplate\":\"http:\/\/ecolibri.tmp01linuxsp.coriweb.it\/?s={search_term_string}\"},\"query-input\":\"required name=search_term_string\"}],\"inLanguage\":\"it-IT\"},{\"@type\":\"ImageObject\",\"@id\":\"http:\/\/ecolibri.tmp01linuxsp.coriweb.it\/it\/boiler-acqua-calda-solare\/#primaryimage\",\"inLanguage\":\"it-IT\",\"url\":\"https:\/\/ecolibri.tmp01linuxsp.coriweb.it\/wp-content\/uploads\/2021\/03\/solar-water-heater.jpg\",\"contentUrl\":\"https:\/\/ecolibri.tmp01linuxsp.coriweb.it\/wp-content\/uploads\/2021\/03\/solar-water-heater.jpg\",\"width\":1620,\"height\":852},{\"@type\":\"WebPage\",\"@id\":\"http:\/\/ecolibri.tmp01linuxsp.coriweb.it\/it\/boiler-acqua-calda-solare\/#webpage\",\"url\":\"http:\/\/ecolibri.tmp01linuxsp.coriweb.it\/it\/boiler-acqua-calda-solare\/\",\"name\":\"Boiler acqua calda a energia solare | Ecolibr\\u00ec\",\"isPartOf\":{\"@id\":\"http:\/\/ecolibri.tmp01linuxsp.coriweb.it\/#website\"},\"primaryImageOfPage\":{\"@id\":\"http:\/\/ecolibri.tmp01linuxsp.coriweb.it\/it\/boiler-acqua-calda-solare\/#primaryimage\"},\"datePublished\":\"2018-07-02T09:39:55+00:00\",\"dateModified\":\"2021-07-15T15:57:34+00:00\",\"description\":\"Il nostro Boiler ad energia solare, dalla capacit\\u00e0 di 250 litri, offre acqua calda giorno e notte anche in condizioni climatiche sfavorevoli. Scopri di pi\\u00f9.\",\"breadcrumb\":{\"@id\":\"http:\/\/ecolibri.tmp01linuxsp.coriweb.it\/it\/boiler-acqua-calda-solare\/#breadcrumb\"},\"inLanguage\":\"it-IT\",\"potentialAction\":[{\"@type\":\"ReadAction\",\"target\":[\"http:\/\/ecolibri.tmp01linuxsp.coriweb.it\/it\/boiler-acqua-calda-solare\/\"]}]},{\"@type\":\"BreadcrumbList\",\"@id\":\"http:\/\/ecolibri.tmp01linuxsp.coriweb.it\/it\/boiler-acqua-calda-solare\/#breadcrumb\",\"itemListElement\":[{\"@type\":\"ListItem\",\"position\":1,\"name\":\"Home\",\"item\":\"http:\/\/ecolibri.tmp01linuxsp.coriweb.it\/it\/\"},{\"@type\":\"ListItem\",\"position\":2,\"name\":\"Boiler Acqua Calda Solare\"}]}]}<\/script>\n<!-- \/ Yoast SEO plugin. -->","yoast_head_json":{"title":"Boiler acqua calda a energia solare | Ecolibr\u00ec","description":"Il nostro Boiler ad energia solare, dalla capacit\u00e0 di 250 litri, offre acqua calda giorno e notte anche in condizioni climatiche sfavorevoli. Scopri di pi\u00f9.","robots":{"index":"noindex","follow":"follow","max-snippet":"max-snippet:-1","max-image-preview":"max-image-preview:large","max-video-preview":"max-video-preview:-1"},"og_locale":"it_IT","og_type":"article","og_title":"Boiler acqua calda a energia solare | Ecolibr\u00ec","og_description":"Il nostro Boiler ad energia solare, dalla capacit\u00e0 di 250 litri, offre acqua calda giorno e notte anche in condizioni climatiche sfavorevoli. Scopri di pi\u00f9.","og_url":"http:\/\/ecolibri.tmp01linuxsp.coriweb.it\/it\/boiler-acqua-calda-solare\/","og_site_name":"Ecolibr\u00ec","article_modified_time":"2021-07-15T15:57:34+00:00","og_image":[{"width":1620,"height":852,"url":"http:\/\/ecolibri.tmp01linuxsp.coriweb.it\/wp-content\/uploads\/2021\/03\/solar-water-heater.jpg","path":"\/home\/demoecolibri\/public_html\/wp-content\/uploads\/2021\/03\/solar-water-heater.jpg","size":"full","id":2726,"alt":"","pixels":1380240,"type":"image\/jpeg"}],"twitter_card":"summary_large_image","schema":{"@context":"https:\/\/schema.org","@graph":[{"@type":"WebSite","@id":"http:\/\/ecolibri.tmp01linuxsp.coriweb.it\/#website","url":"http:\/\/ecolibri.tmp01linuxsp.coriweb.it\/","name":"Ecolibr\u00ec","description":"Power of Nature","potentialAction":[{"@type":"SearchAction","target":{"@type":"EntryPoint","urlTemplate":"http:\/\/ecolibri.tmp01linuxsp.coriweb.it\/?s={search_term_string}"},"query-input":"required name=search_term_string"}],"inLanguage":"it-IT"},{"@type":"ImageObject","@id":"http:\/\/ecolibri.tmp01linuxsp.coriweb.it\/it\/boiler-acqua-calda-solare\/#primaryimage","inLanguage":"it-IT","url":"https:\/\/ecolibri.tmp01linuxsp.coriweb.it\/wp-content\/uploads\/2021\/03\/solar-water-heater.jpg","contentUrl":"https:\/\/ecolibri.tmp01linuxsp.coriweb.it\/wp-content\/uploads\/2021\/03\/solar-water-heater.jpg","width":1620,"height":852},{"@type":"WebPage","@id":"http:\/\/ecolibri.tmp01linuxsp.coriweb.it\/it\/boiler-acqua-calda-solare\/#webpage","url":"http:\/\/ecolibri.tmp01linuxsp.coriweb.it\/it\/boiler-acqua-calda-solare\/","name":"Boiler acqua calda a energia solare | Ecolibr\u00ec","isPartOf":{"@id":"http:\/\/ecolibri.tmp01linuxsp.coriweb.it\/#website"},"primaryImageOfPage":{"@id":"http:\/\/ecolibri.tmp01linuxsp.coriweb.it\/it\/boiler-acqua-calda-solare\/#primaryimage"},"datePublished":"2018-07-02T09:39:55+00:00","dateModified":"2021-07-15T15:57:34+00:00","description":"Il nostro Boiler ad energia solare, dalla capacit\u00e0 di 250 litri, offre acqua calda giorno e notte anche in condizioni climatiche sfavorevoli. Scopri di pi\u00f9.","breadcrumb":{"@id":"http:\/\/ecolibri.tmp01linuxsp.coriweb.it\/it\/boiler-acqua-calda-solare\/#breadcrumb"},"inLanguage":"it-IT","potentialAction":[{"@type":"ReadAction","target":["http:\/\/ecolibri.tmp01linuxsp.coriweb.it\/it\/boiler-acqua-calda-solare\/"]}]},{"@type":"BreadcrumbList","@id":"http:\/\/ecolibri.tmp01linuxsp.coriweb.it\/it\/boiler-acqua-calda-solare\/#breadcrumb","itemListElement":[{"@type":"ListItem","position":1,"name":"Home","item":"http:\/\/ecolibri.tmp01linuxsp.coriweb.it\/it\/"},{"@type":"ListItem","position":2,"name":"Boiler Acqua Calda Solare"}]}]}},"_links":{"self":[{"href":"https:\/\/ecolibri.tmp01linuxsp.coriweb.it\/it\/wp-json\/wp\/v2\/pages\/1241"}],"collection":[{"href":"https:\/\/ecolibri.tmp01linuxsp.coriweb.it\/it\/wp-json\/wp\/v2\/pages"}],"about":[{"href":"https:\/\/ecolibri.tmp01linuxsp.coriweb.it\/it\/wp-json\/wp\/v2\/types\/page"}],"author":[{"embeddable":true,"href":"https:\/\/ecolibri.tmp01linuxsp.coriweb.it\/it\/wp-json\/wp\/v2\/users\/4"}],"replies":[{"embeddable":true,"href":"https:\/\/ecolibri.tmp01linuxsp.coriweb.it\/it\/wp-json\/wp\/v2\/comments?post=1241"}],"version-history":[{"count":9,"href":"https:\/\/ecolibri.tmp01linuxsp.coriweb.it\/it\/wp-json\/wp\/v2\/pages\/1241\/revisions"}],"predecessor-version":[{"id":3333,"href":"https:\/\/ecolibri.tmp01linuxsp.coriweb.it\/it\/wp-json\/wp\/v2\/pages\/1241\/revisions\/3333"}],"wp:featuredmedia":[{"embeddable":true,"href":"https:\/\/ecolibri.tmp01linuxsp.coriweb.it\/it\/wp-json\/wp\/v2\/media\/2726"}],"wp:attachment":[{"href":"https:\/\/ecolibri.tmp01linuxsp.coriweb.it\/it\/wp-json\/wp\/v2\/media?parent=1241"}],"curies":[{"name":"wp","href":"https:\/\/api.w.org\/{rel}","templated":true}]}}